{"id":53,"date":"2014-06-10T16:58:54","date_gmt":"2014-06-10T14:58:54","guid":{"rendered":"http:\/\/franqueor.wordpress.com\/?page_id=53"},"modified":"2023-01-02T10:40:56","modified_gmt":"2023-01-02T08:40:56","slug":"tiramisu","status":"publish","type":"page","link":"https:\/\/www.franquesada.com\/en\/tiramisu\/","title":{"rendered":"Contacto"},"content":{"rendered":"[vc_row][vc_column][vc_row_inner][vc_column_inner el_class=&#8221;&#8221; width=&#8221;1\/2&#8243;][vc_column_text]\n<p style=\"text-align: justify;\">Siempre estoy dispuesto a asumir nuevos retos, por lo que estoy abierto a cualquier tipo de colaboraci\u00f3n que tenga que ver con internacionalizaci\u00f3n empresarial. Si quieres internacionalizar tu negocio o necesitas ayuda en dicho proceso por favor no dudes en contactar conmigo a trav\u00e9s de cualquiera de las siguientes v\u00edas:<\/p>\n<p><a class=\"iconRRSS lnk\" href=\"https:\/\/es.linkedin.com\/in\/franqueor\/en\" target=\"_blank\" rel=\"noopener noreferrer\">i<\/a><a class=\"iconRRSS twitter\" href=\"https:\/\/twitter.com\/@franqueor\" target=\"_blank\" rel=\"noopener noreferrer\">d<\/a><a class=\"iconRRSS mail\" href=\"mailto:franqueor@gmail.com\">\u00d4<\/a>[\/vc_column_text][\/vc_column_inner][vc_column_inner el_class=&#8221;&#8221; width=&#8221;1\/2&#8243;][vc_column_text][contact-form-7 id=&#8221;185&#8243; title=&#8221;Formulario de contacto 1&#8243;][\/vc_column_text][\/vc_column_inner][\/vc_row_inner][\/vc_column][\/vc_row]","protected":false},"excerpt":{"rendered":"[vc_row][vc_column][vc_row_inner][vc_column_inner el_class=&#8221;&#8221; width=&#8221;1\/2&#8243;][vc_column_text] Siempre estoy dispuesto a asumir nuevos retos, por lo que estoy abierto a cualquier tipo de colaboraci\u00f3n que tenga que ver con internacionalizaci\u00f3n empresarial. Si quieres internacionalizar tu negocio o necesitas ayuda en dicho proceso por favor no dudes en contactar conmigo a trav\u00e9s de cualquiera de las siguientes v\u00edas: id\u00d4[\/vc_column_text][\/vc_column_inner][vc_column_inner el_class=&#8221;&#8221; [&hellip;]\n","protected":false},"author":1,"featured_media":0,"parent":0,"menu_order":3,"comment_status":"open","ping_status":"open","template":"","meta":{"_mi_skip_tracking":false},"_links":{"self":[{"href":"https:\/\/www.franquesada.com\/en\/wp-json\/wp\/v2\/pages\/53"}],"collection":[{"href":"https:\/\/www.franquesada.com\/en\/wp-json\/wp\/v2\/pages"}],"about":[{"href":"https:\/\/www.franquesada.com\/en\/wp-json\/wp\/v2\/types\/page"}],"author":[{"embeddable":true,"href":"https:\/\/www.franquesada.com\/en\/wp-json\/wp\/v2\/users\/1"}],"replies":[{"embeddable":true,"href":"https:\/\/www.franquesada.com\/en\/wp-json\/wp\/v2\/comments?post=53"}],"version-history":[{"count":31,"href":"https:\/\/www.franquesada.com\/en\/wp-json\/wp\/v2\/pages\/53\/revisions"}],"predecessor-version":[{"id":980,"href":"https:\/\/www.franquesada.com\/en\/wp-json\/wp\/v2\/pages\/53\/revisions\/980"}],"wp:attachment":[{"href":"https:\/\/www.franquesada.com\/en\/wp-json\/wp\/v2\/media?parent=53"}],"curies":[{"name":"wp","href":"https:\/\/api.w.org\/{rel}","templated":true}]}}