{"id":234,"date":"2016-03-05T17:02:09","date_gmt":"2016-03-05T17:02:09","guid":{"rendered":"http:\/\/franquesada.com\/?page_id=234"},"modified":"2023-08-13T18:07:44","modified_gmt":"2023-08-13T16:07:44","slug":"home","status":"publish","type":"page","link":"https:\/\/www.franquesada.com\/en\/","title":{"rendered":"Home"},"content":{"rendered":"[vc_row][vc_column][vc_column_text css=&#8221;.vc_custom_1610291945191{margin-right: 40px !important;margin-bottom: 40px !important;margin-left: 40px !important;}&#8221;]\n<h1 style=\"text-align: center;\">PROFESIONAL DE LAS VENTAS INTERNACIONALES<\/h1>\n[\/vc_column_text][\/vc_column][\/vc_row][vc_row][vc_column width=&#8221;1\/2&#8243;][vc_column_text]\n<p style=\"text-align: justify;\">\u00bfCrees que tu negocio podr\u00eda tener un\u00a0gran potencial en mercados internacionales? \u00bftienes un producto de alta calidad pero no lo consigues comunicar al p\u00fablico? \u00bfte gustar\u00eda vender en el extranjero y no sabes c\u00f3mo? \u00bfApuestas por la internacionalizaci\u00f3n?<\/p>\n<p style=\"text-align: justify;\">Soy <a href=\"http:\/\/www.franquesada.com\/fran-quesada\/\">Fran Quesada<\/a> y puedo ayudarte.<\/p>\n<p style=\"text-align: justify;\">Hasta la fecha he estado haciendo negocios en m\u00e1s de 20 pa\u00edses en 4 continentes, consiguiendo introducir y consolidar marcas espa\u00f1olas en mercados exteriores.<\/p>\n<p style=\"text-align: justify;\">Ponte en contacto conmigo con total confianza y hablaremos de:<\/p>\n<p>Evaluar la <strong>capacidad de exportaci\u00f3n<\/strong> de tu negocio.<\/p>\n<p>Solventar alguna <strong>dificultad t\u00e9cnica<\/strong> que tenga que ver con internacionalizaci\u00f3n empresarial.<\/p>\n<p>Defender de forma profesional tu negocio\u00a0en <strong>ferias internacionales<\/strong>.<\/p>\n<p><strong>Captar clientes<\/strong> en mercados internacionales.<\/p>\n<p><strong>Comunicarte<\/strong> con posibles clientes de habla no espa\u00f1ola.<\/p>\n<p style=\"text-align: justify;\">Si simplemente quieres leer contenidos sobre internacionalizaci\u00f3n empresarial y marketing aqu\u00ed tienes <a href=\"\/blog\">mi blog<\/a>.<\/p>\n[\/vc_column_text][\/vc_column][vc_column width=&#8221;1\/2&#8243; css=&#8221;.vc_custom_1458745966539{margin-top: 40px !important;}&#8221;]<div  id=\"sc_image_internacionalizaci\u00f3n-marketing-fran-quesada\" style=\"margin-top:40pxpx !important;width:50%;\" class=\"sc_image align\"><a href=\"https:\/\/www.franquesada.com\/wp-content\/uploads\/2016\/03\/fran-quesada-portada-inicio.png\"><img  src=\"https:\/\/www.franquesada.com\/wp-content\/uploads\/2016\/03\/fran-quesada-portada-inicio-1240x1860.png\" alt=\"Comercio Internacional &amp; Marketing - Fran Quesada\" \/><\/a><div class=\"sc_image_caption\">Comercio Internacional &amp; Marketing - Fran Quesada<\/div><\/div>[\/vc_column][\/vc_row][vc_row][vc_column][vc_column_text]\n<h2 style=\"text-align: center;\">\u00bfQuieres potenciar tus ventas?<\/h2>\n<h3 style=\"text-align: center;\">Elige los servicios que mejor se adaptan a tus necesidades y te ayudar\u00e9 a vender m\u00e1s<\/h3>\n[\/vc_column_text][\/vc_column][\/vc_row][vc_row css=&#8221;.vc_custom_1461345743757{margin-top: 40px !important;margin-bottom: 40px !important;}&#8221;][vc_column width=&#8221;1\/4&#8243; offset=&#8221;vc_col-xs-1&#8243;][vc_column_text]<a href=\"http:\/\/www.franquesada.com\/wp-content\/uploads\/2016\/03\/consultoria.png\" rel=\"attachment wp-att-348\"><img loading=\"lazy\" class=\"alignnone wp-image-348 size-medium\" title=\"internacionalizacion-consultoria\" src=\"http:\/\/www.franquesada.com\/wp-content\/uploads\/2016\/03\/consultoria-300x169.png\" alt=\"consultoria\" width=\"300\" height=\"169\" srcset=\"https:\/\/www.franquesada.com\/wp-content\/uploads\/2016\/03\/consultoria-300x169.png 300w, https:\/\/www.franquesada.com\/wp-content\/uploads\/2016\/03\/consultoria-400x225.png 400w, https:\/\/www.franquesada.com\/wp-content\/uploads\/2016\/03\/consultoria-250x141.png 250w, https:\/\/www.franquesada.com\/wp-content\/uploads\/2016\/03\/consultoria.png 560w\" sizes=\"(max-width: 300px) 100vw, 300px\" \/><\/a><\/p>\n<p>Planes de Exportaci\u00f3n<\/p>\n<p>Estrategias de Marketing Internacional<\/p>\n<p>Propecci\u00f3n comercial<\/p>\n<p>Estudios de mercado<\/p>\n<p>Desarrollo de herramientas de marketing<\/p>\n<p>Traducci\u00f3n ingl\u00e9s\/espa\u00f1ol<\/p>\n<p>Branding[\/vc_column_text][\/vc_column][vc_column width=&#8221;1\/4&#8243; offset=&#8221;vc_col-xs-1&#8243;][vc_column_text]<a href=\"http:\/\/www.franquesada.com\/wp-content\/uploads\/2016\/03\/representacion.png\" rel=\"attachment wp-att-349\"><img loading=\"lazy\" class=\"alignnone wp-image-349 size-medium\" title=\"internacionalizacion-representacion\" src=\"http:\/\/www.franquesada.com\/wp-content\/uploads\/2016\/03\/representacion-300x169.png\" alt=\"representacion\" width=\"300\" height=\"169\" srcset=\"https:\/\/www.franquesada.com\/wp-content\/uploads\/2016\/03\/representacion-300x169.png 300w, https:\/\/www.franquesada.com\/wp-content\/uploads\/2016\/03\/representacion-400x225.png 400w, https:\/\/www.franquesada.com\/wp-content\/uploads\/2016\/03\/representacion-250x141.png 250w, https:\/\/www.franquesada.com\/wp-content\/uploads\/2016\/03\/representacion.png 560w\" sizes=\"(max-width: 300px) 100vw, 300px\" \/><\/a><\/p>\n<p>Asistencia a Ferias Internacionales y Misiones Comerciales<\/p>\n<p>Acompa\u00f1amiento a viajes de negocios<\/p>\n<p>Negociaci\u00f3n internacional<\/p>\n<p>Presentaciones de producto \/ servicio[\/vc_column_text][\/vc_column][vc_column width=&#8221;1\/4&#8243; offset=&#8221;vc_col-xs-1&#8243;][vc_column_text]<a href=\"http:\/\/www.franquesada.com\/wp-content\/uploads\/2016\/03\/speaker.png\" rel=\"attachment wp-att-350\"><img loading=\"lazy\" class=\"alignnone wp-image-350 size-medium\" title=\"internacionalizacion-speaker\" src=\"http:\/\/www.franquesada.com\/wp-content\/uploads\/2016\/03\/speaker-300x169.png\" alt=\"speaker\" width=\"300\" height=\"169\" srcset=\"https:\/\/www.franquesada.com\/wp-content\/uploads\/2016\/03\/speaker-300x169.png 300w, https:\/\/www.franquesada.com\/wp-content\/uploads\/2016\/03\/speaker-400x225.png 400w, https:\/\/www.franquesada.com\/wp-content\/uploads\/2016\/03\/speaker-250x141.png 250w, https:\/\/www.franquesada.com\/wp-content\/uploads\/2016\/03\/speaker.png 560w\" sizes=\"(max-width: 300px) 100vw, 300px\" \/><\/a><\/p>\n<p>Ponencias sobre internacionalizaci\u00f3n \/ marketing internacional \/ exportaci\u00f3n \/ inteligencia cultural[\/vc_column_text][\/vc_column][vc_column width=&#8221;1\/4&#8243; offset=&#8221;vc_col-xs-1&#8243;][vc_column_text]<a href=\"http:\/\/www.franquesada.com\/wp-content\/uploads\/2016\/03\/export.png\" rel=\"attachment wp-att-351\"><img loading=\"lazy\" class=\"alignnone wp-image-351 size-medium\" title=\"internacionalizacion-export-manager\" src=\"http:\/\/www.franquesada.com\/wp-content\/uploads\/2016\/03\/export-300x169.png\" alt=\"export\" width=\"300\" height=\"169\" srcset=\"https:\/\/www.franquesada.com\/wp-content\/uploads\/2016\/03\/export-300x169.png 300w, https:\/\/www.franquesada.com\/wp-content\/uploads\/2016\/03\/export-400x225.png 400w, https:\/\/www.franquesada.com\/wp-content\/uploads\/2016\/03\/export-250x141.png 250w, https:\/\/www.franquesada.com\/wp-content\/uploads\/2016\/03\/export.png 560w\" sizes=\"(max-width: 300px) 100vw, 300px\" \/><\/a><\/p>\n<p>Creaci\u00f3n de departamento internacional<\/p>\n<p>Consolidaci\u00f3n de exportaciones<\/p>\n<p>Gesti\u00f3n de mercados internacionales<\/p>\n<p>Gesti\u00f3n interna de la empresa<\/p>\n<p>Atenci\u00f3n al cliente internacional[\/vc_column_text][\/vc_column][\/vc_row]","protected":false},"excerpt":{"rendered":"[vc_row][vc_column][vc_column_text css=&#8221;.vc_custom_1610291945191{margin-right: 40px !important;margin-bottom: 40px !important;margin-left: 40px !important;}&#8221;] PROFESIONAL DE LAS VENTAS INTERNACIONALES [\/vc_column_text][\/vc_column][\/vc_row][vc_row][vc_column width=&#8221;1\/2&#8243;][vc_column_text] \u00bfCrees que tu negocio podr\u00eda tener un\u00a0gran potencial en mercados internacionales? \u00bftienes un producto de alta calidad pero no lo consigues comunicar al p\u00fablico? \u00bfte gustar\u00eda vender en el extranjero y no sabes c\u00f3mo? \u00bfApuestas por la internacionalizaci\u00f3n? Soy Fran [&hellip;]\n","protected":false},"author":1,"featured_media":0,"parent":0,"menu_order":0,"comment_status":"closed","ping_status":"closed","template":"","meta":{"_mi_skip_tracking":false},"_links":{"self":[{"href":"https:\/\/www.franquesada.com\/en\/wp-json\/wp\/v2\/pages\/234"}],"collection":[{"href":"https:\/\/www.franquesada.com\/en\/wp-json\/wp\/v2\/pages"}],"about":[{"href":"https:\/\/www.franquesada.com\/en\/wp-json\/wp\/v2\/types\/page"}],"author":[{"embeddable":true,"href":"https:\/\/www.franquesada.com\/en\/wp-json\/wp\/v2\/users\/1"}],"replies":[{"embeddable":true,"href":"https:\/\/www.franquesada.com\/en\/wp-json\/wp\/v2\/comments?post=234"}],"version-history":[{"count":185,"href":"https:\/\/www.franquesada.com\/en\/wp-json\/wp\/v2\/pages\/234\/revisions"}],"predecessor-version":[{"id":1048,"href":"https:\/\/www.franquesada.com\/en\/wp-json\/wp\/v2\/pages\/234\/revisions\/1048"}],"wp:attachment":[{"href":"https:\/\/www.franquesada.com\/en\/wp-json\/wp\/v2\/media?parent=234"}],"curies":[{"name":"wp","href":"https:\/\/api.w.org\/{rel}","templated":true}]}}